{"id":114,"date":"2019-10-18T16:16:08","date_gmt":"2019-10-18T16:16:08","guid":{"rendered":"https:\/\/eportfolios.capilanou.ca\/dallasmckinnon\/?page_id=114"},"modified":"2019-11-29T00:33:39","modified_gmt":"2019-11-29T00:33:39","slug":"annotated-bibliography","status":"publish","type":"page","link":"https:\/\/eportfolios.capilanou.ca\/dallasmckinnon\/annotated-bibliography\/","title":{"rendered":"Annotated Bibliography"},"content":{"rendered":"\n<h2 class=\"wp-block-heading\">Annotated Bibliography: Effects of Pay Transparency and Pay Secrecy<\/h2>\n\n\n\n<p style=\"text-align:left\"><strong>BELOGOLOVSKY, ELENA, and PETER A. BAMBERGER. \u201cSignaling in Secret: Pay for\u00a0Performance and the Incentive and Sorting Effects of Pay Secrecy.\u201d Academy of Management Journal, vol. 57, no. 6, Dec. 2014, pp. 1706\u20131733. EBSCOhost, doi:10.5465\/amj.2012.0937.<\/strong><\/p>\n\n\n\n<p>Belogolovsky and Bamberger explore pay secrecy and its effects on work performance. Specifically, pay secrecy giving managerial positions the flexibility to offer rewards to employees in order to incentivize them to be more productive. They ultimately find that pay secrecy might do more harm than good and offer solutions, \u201cpartial openness\u201d and performing actions that will increase employee confidence. This article will be useful to me as it describes how pay secrecy can be utilized to boost worker productivity.<\/p>\n\n\n\n<p><strong>COONEY, SAMANTHA. \u201cShould You Share Your Salary With Co-Workers? Here\u2019s What\u00a0Experts Say.\u201d Time Magazine, 14 Aug 2018, https:\/\/time.com\/5353848\/salary-pay-transparency-work.<\/strong><\/p>\n\n\n\n<p>Cooney explores the pros and cons of pay transparency. She finds that pay transparency will lead to closing pay gaps and giving more authority in the actions of the workers rather than the hands of companies. However, she finds that pay transparency will also pit workers against each other as they can now openly compete for better pay as the information is open to them. This article will be useful to me because, like the one above, will give me insight into the pros and cons of pay transparency.&nbsp;<\/p>\n\n\n\n<p><strong>FRIEDMAN, DEBRA S. (2014). \u201cPay Transparency: The New Way of Doing Business.\u201d\u00a0Compensation &amp; Benefits Review, vol. 46, no. 5-6 , Feb. 2015, pp. 292\u2013294. Sage Journals, https:\/\/doi.org\/10.1177\/1541204014560482.\u00a0<\/strong><\/p>\n\n\n\n<p>Debra S. Friedman explores how new government mandated pay transparency effects federal contracting companies in the U.S. They examine the relationship between the employed, the contractors, and the employer, the U.S Federal government. She finds that transparency will hold organizations accountable for pay distribution as contractors are now able to compare with one another. She concludes that in the future companies will have to prepare for pay transparency in order to survive and avoid scrutiny of its workers. This article will be useful to me because it gives a specific example of pay transparency in practice and its effects.<\/p>\n\n\n\n<p><strong>JANI\u0106IJEVI\u0106, NEBOJ\u0160A. \u201cPay secrecy: Pros and Cons.\u201d Review Paper, 5 Feb 2016.\u00a0SemanticScholar, https:\/\/pdfs.semanticscholar.org\/351f\/4830afa4f3f08b09cc37a5b43807bb276245.pdf?_ga=2.250979718.1404171673.1574381238-1382578936.1574381238.<\/strong><\/p>\n\n\n\n<p>Neboj\u0161a Jani\u0107ijevi\u0107 dives into the Pros and Cons of pay secrecy. Notable disadvantages he found were misconceptions about compensation distribution leading to decreased worker productivity and confidence and that it enforces authoritative and paternal organizational structures that can negatively affect worker motivation. Excluding employees from important decisions and information can lead the employees to feel that managerial positions are not successfully doing their part. Advantages he found were that it allows managerial positions to have greater control over its employees, and are able to distinguish better workers from the crowd in collectivistic cultures. This article is useful to me because it offers direct comparison between the advantages and disadvantages of\u00a0 secrecy.\u00a0<\/p>\n\n\n\n<p><strong>MODESITT, NANCY. \u201cWhy pay transparency alone won&#8217;t eliminate the persistent wage gap\u00a0between men and women.\u201d World Economic Forum, 5 Apr 2019, https:\/\/www.weforum.org\/agenda\/2019\/04\/why-pay-transparency-alone-wont-eliminate-the-persistent-wage-gap-between-men-and-women.<\/strong><\/p>\n\n\n\n<p>Nancy Modesitt explains why pay transparency can not close wage gaps on its own, specifically between men and women. The reasons she gives are that legislation for pay transparency are not good enough, limited research on pay gaps, and other factors that enable the pay gap. She also addresses the downfalls of pay transparency. This article will be useful to me as it refers to other sources with hard data about the pay gap and offers insight to pay transparency as part of the solution.<\/p>\n\n\n\n<p><strong>TROTTER, RICHARD G., SUSAN RAWSON SACUR and LISA T. STICKNEY. \u201cThe New\u00a0Age of Pay Transparency.\u201d Business Horizons, vol. 60, no. 4, Apr. 2017, pp. 529-539. ScienceDirect, https:\/\/www.sciencedirect.com\/science\/article\/pii\/S0007681317300356#!.<\/strong><\/p>\n\n\n\n<p>Trotter, Sacure, and Stickney explore the opportunities and challenges of pay transparency, pay gaps in the U.S., pay secrecy policy and its relationship with U.S. law, and the forces that support pay transparency.&nbsp; They conclude that, even though discrimination based on gender, race, and national orgin is illegal, pay gaps based on gender, race, and national origin are still apparent. They believe that pay transparency will increase worker knowledge and understanding leading to a decrease in the pay gap. This article is useful to me because it ties pay transparency directly to the pay gap and could be used as a transition.<br><\/p>\n\n\n\n<p><strong>WONG, KRISTIN. \u201cWant to Close the Pay Gap? Pay Transparency Will Help.\u201d New York\u00a0Times, 20 Jan 2019, https:\/\/www.nytimes.com\/2019\/01\/20\/smarter-living\/pay-wage-gap-salary-secrecy-transparency.html.<\/strong><\/p>\n\n\n\n<p>Kristin Wong attempts to explain why pay transparency is able to close unfair wage gaps between workers. She offers anecdotes from workers, professors and professionals as they share their thoughts, sentiments and frustrations. This article is useful to me because it gives me evidence in quotations that this is an issue affecting real life people.&nbsp;<br><\/p>\n\n\n\n<figure class=\"wp-block-image\"><img loading=\"lazy\" decoding=\"async\" width=\"1024\" height=\"683\" src=\"https:\/\/eportfolios.capilanou.ca\/dallasmckinnon\/wp-content\/uploads\/sites\/9738\/2019\/10\/bank-banking-blue-50987-1024x683.jpg\" alt=\"\" class=\"wp-image-145\" srcset=\"https:\/\/eportfolios.capilanou.ca\/dallasmckinnon\/wp-content\/uploads\/sites\/9738\/2019\/10\/bank-banking-blue-50987-1024x683.jpg 1024w, https:\/\/eportfolios.capilanou.ca\/dallasmckinnon\/wp-content\/uploads\/sites\/9738\/2019\/10\/bank-banking-blue-50987-300x200.jpg 300w, https:\/\/eportfolios.capilanou.ca\/dallasmckinnon\/wp-content\/uploads\/sites\/9738\/2019\/10\/bank-banking-blue-50987-768x512.jpg 768w, https:\/\/eportfolios.capilanou.ca\/dallasmckinnon\/wp-content\/uploads\/sites\/9738\/2019\/10\/bank-banking-blue-50987-144x96.jpg 144w\" sizes=\"auto, (max-width: 1024px) 100vw, 1024px\" \/><\/figure>\n","protected":false},"excerpt":{"rendered":"<p>Annotated Bibliography: Effects of Pay Transparency and Pay Secrecy BELOGOLOVSKY, ELENA, and PETER A. BAMBERGER. \u201cSignaling in Secret: Pay for\u00a0Performance and the Incentive and Sorting Effects of Pay Secrecy.\u201d Academy of Management Journal, vol. 57, no. 6, Dec. 2014, pp. 1706\u20131733. EBSCOhost, doi:10.5465\/amj.2012.0937. Belogolovsky and Bamberger explore pay secrecy and its effects on work performance. [&hellip;]<\/p>\n","protected":false},"author":9746,"featured_media":0,"parent":0,"menu_order":0,"comment_status":"closed","ping_status":"closed","template":"","meta":{"footnotes":""},"class_list":["post-114","page","type-page","status-publish","hentry","has-post-thumbnail"],"_links":{"self":[{"href":"https:\/\/eportfolios.capilanou.ca\/dallasmckinnon\/wp-json\/wp\/v2\/pages\/114","targetHints":{"allow":["GET"]}}],"collection":[{"href":"https:\/\/eportfolios.capilanou.ca\/dallasmckinnon\/wp-json\/wp\/v2\/pages"}],"about":[{"href":"https:\/\/eportfolios.capilanou.ca\/dallasmckinnon\/wp-json\/wp\/v2\/types\/page"}],"author":[{"embeddable":true,"href":"https:\/\/eportfolios.capilanou.ca\/dallasmckinnon\/wp-json\/wp\/v2\/users\/9746"}],"replies":[{"embeddable":true,"href":"https:\/\/eportfolios.capilanou.ca\/dallasmckinnon\/wp-json\/wp\/v2\/comments?post=114"}],"version-history":[{"count":3,"href":"https:\/\/eportfolios.capilanou.ca\/dallasmckinnon\/wp-json\/wp\/v2\/pages\/114\/revisions"}],"predecessor-version":[{"id":290,"href":"https:\/\/eportfolios.capilanou.ca\/dallasmckinnon\/wp-json\/wp\/v2\/pages\/114\/revisions\/290"}],"wp:attachment":[{"href":"https:\/\/eportfolios.capilanou.ca\/dallasmckinnon\/wp-json\/wp\/v2\/media?parent=114"}],"curies":[{"name":"wp","href":"https:\/\/api.w.org\/{rel}","templated":true}]}}